{"id":14463,"date":"2019-07-06T15:49:06","date_gmt":"2019-07-06T13:49:06","guid":{"rendered":"https:\/\/www.soundpr.it\/?page_id=14463"},"modified":"2019-08-02T15:20:14","modified_gmt":"2019-08-02T13:20:14","slug":"creativita","status":"publish","type":"page","link":"https:\/\/www.soundpr.it\/en\/creativita\/","title":{"rendered":"CREATIVIT\u00c0"},"content":{"rendered":"<p>[vc_section][vc_row el_class=&#8221;Banner-wrapper&#8221;][vc_column][vc_single_image image=&#8221;17938&#8243; img_size=&#8221;full&#8221;][vc_row_inner el_class=&#8221;Home-banner-text&#8221;][vc_column_inner width=&#8221;2\/3&#8243;][vc_column_text el_class=&#8221;f-Ral-l peso-70&#8243;]<\/p>\n<h1 class=\"f-Ral-l peso-70\">creativity<\/h1>\n<p>[\/vc_column_text][\/vc_column_inner][\/vc_row_inner][\/vc_column][\/vc_row][\/vc_section][vc_row css=&#8221;.vc_custom_1564158292626{margin-top: 60px !important;}&#8221; el_class=&#8221;wide-l&#8221;][vc_column][vc_row_inner el_class=&#8221;dis-fl-cent&#8221;][vc_column_inner el_class=&#8221;Home-chi-siamo-text&#8221; width=&#8221;1\/2&#8243;][vc_column_text el_class=&#8221;f-Rbt peso-20&#8243;]Sound PR skillfully speaks the new languages of\u00a0<strong>graphic design<\/strong>,\u00a0<strong>unconventional\u00a0promotion<\/strong> and\u00a0<strong>word of mouth\u00a0marketing<\/strong> (WOMM).<br \/>\nWe listen to the needs of our clients, share their <strong>goals<\/strong>, identify their <strong>audiences<\/strong> and define the ways their messages will be received, as well as what languages and channels are best suited to convey them.<\/p>\n<p>At <strong>Sound PR<\/strong>, our motto is &#8220;Stay Active and Get Creative&#8221;. With our projects, we always are looking for <strong>new forms of expression<\/strong>. We want to add <strong>creativity<\/strong> to <strong>innovation<\/strong> to make each brand recognizable to the customer, at each stage of the customer journey.[\/vc_column_text][\/vc_column_inner][vc_column_inner width=&#8221;1\/2&#8243;][vc_single_image image=&#8221;17940&#8243; img_size=&#8221;full&#8221;][\/vc_column_inner][\/vc_row_inner][\/vc_column][\/vc_row][vc_row css=&#8221;.vc_custom_1562074969795{margin-top: 50px !important;margin-bottom: 200px !important;}&#8221; el_class=&#8221;Home-news&#8221;][vc_column][vc_single_image image=&#8221;118&#8243; img_size=&#8221;full&#8221; el_class=&#8221;skewed-square-4&#8243;][vc_row_inner el_class=&#8221;dis-fl-cent wide-l&#8221; css=&#8221;.vc_custom_1562074631785{margin-top: 100px !important;}&#8221;][vc_column_inner width=&#8221;1\/2&#8243;][vc_single_image image=&#8221;17941&#8243; img_size=&#8221;full&#8221; el_class=&#8221;shadow-img&#8221;][\/vc_column_inner][vc_column_inner el_class=&#8221;Chi-siamo-relations-text&#8221; width=&#8221;1\/2&#8243;][vc_column_text el_class=&#8221;f-Rbt peso-20&#8243;]We never tire of training our <strong>creative thinking<\/strong> to come up with innovative and effective solutions, capable of generating value.<\/p>\n<p>Whether it&#8217;s <strong>PR campaigns<\/strong>, <strong>digital marketing<\/strong>, <strong>brochures<\/strong>, <strong>exhibition stands<\/strong>, <strong>events<\/strong>, <strong>videos<\/strong>, or other, our projects are <strong>memorable<\/strong> as well as <strong>effective<\/strong> and <strong>measurable<\/strong>.[\/vc_column_text][\/vc_column_inner][\/vc_row_inner][\/vc_column][\/vc_row]<\/p>","protected":false},"excerpt":{"rendered":"<p>[vc_section][vc_row el_class=&#8221;Banner-wrapper&#8221;][vc_column][vc_single_image image=&#8221;17938&#8243; img_size=&#8221;full&#8221;][vc_row_inner el_class=&#8221;Home-banner-text&#8221;][vc_column_inner width=&#8221;2\/3&#8243;][vc_column_text el_class=&#8221;f-Ral-l peso-70&#8243;] creativity [\/vc_column_text][\/vc_column_inner][\/vc_row_inner][\/vc_column][\/vc_row][\/vc_section][vc_row css=&#8221;.vc_custom_1564158292626{margin-top: 60px !important;}&#8221; el_class=&#8221;wide-l&#8221;][vc_column][vc_row_inner el_class=&#8221;dis-fl-cent&#8221;][vc_column_inner el_class=&#8221;Home-chi-siamo-text&#8221; width=&#8221;1\/2&#8243;][vc_column_text el_class=&#8221;f-Rbt peso-20&#8243;]Sound PR skillfully speaks the new languages of\u00a0graphic design,\u00a0unconventional\u00a0promotion and\u00a0word of mouth\u00a0marketing (WOMM). We listen to the needs of our clients, share their goals, identify their audiences and define the ways their messages will be received, as [&#8230;]<\/p>\n<p><a class=\"btn btn-secondary understrap-read-more-link\" href=\"https:\/\/www.soundpr.it\/en\/creativita\/\">Read More&#8230;<\/a><\/p>\n","protected":false},"author":1,"featured_media":0,"parent":0,"menu_order":0,"comment_status":"closed","ping_status":"closed","template":"","meta":{"footnotes":""},"yoast_head":"<!-- This site is optimized with the Yoast SEO plugin v21.5 - https:\/\/yoast.com\/wordpress\/plugins\/seo\/ -->\n<title>La creativit\u00e0: ispirazione per una comunicazione efficace ed efficiente.<\/title>\n<meta name=\"description\" content=\"La creativit\u00e0 \u00e8 sempre stata fonte di ispirazione per la comunicazione, e noi non potevamo che accoglierla in tutte le sue forme e sfruttarla al meglio.\" \/>\n<meta name=\"robots\" content=\"index, follow, max-snippet:-1, max-image-preview:large, max-video-preview:-1\" \/>\n<link rel=\"canonical\" href=\"https:\/\/www.soundpr.it\/creativita\/\" \/>\n<meta property=\"og:locale\" content=\"en_US\" \/>\n<meta property=\"og:type\" content=\"article\" \/>\n<meta property=\"og:title\" content=\"La creativit\u00e0: ispirazione per una comunicazione efficace ed efficiente.\" \/>\n<meta property=\"og:description\" content=\"La creativit\u00e0 \u00e8 sempre stata fonte di ispirazione per la comunicazione, e noi non potevamo che accoglierla in tutte le sue forme e sfruttarla al meglio.\" \/>\n<meta property=\"og:url\" content=\"https:\/\/www.soundpr.it\/creativita\/\" \/>\n<meta property=\"og:site_name\" content=\"soundPR\" \/>\n<meta property=\"article:modified_time\" content=\"2019-08-02T13:20:14+00:00\" \/>\n<meta name=\"twitter:card\" content=\"summary_large_image\" \/>\n<meta name=\"twitter:label1\" content=\"Est. reading time\" \/>\n\t<meta name=\"twitter:data1\" content=\"3 minutes\" \/>\n<script type=\"application\/ld+json\" class=\"yoast-schema-graph\">{\"@context\":\"https:\/\/schema.org\",\"@graph\":[{\"@type\":\"WebPage\",\"@id\":\"https:\/\/www.soundpr.it\/creativita\/\",\"url\":\"https:\/\/www.soundpr.it\/creativita\/\",\"name\":\"La creativit\u00e0: ispirazione per una comunicazione efficace ed efficiente.\",\"isPartOf\":{\"@id\":\"https:\/\/www.soundpr.it\/#website\"},\"datePublished\":\"2019-07-06T13:49:06+00:00\",\"dateModified\":\"2019-08-02T13:20:14+00:00\",\"description\":\"La creativit\u00e0 \u00e8 sempre stata fonte di ispirazione per la comunicazione, e noi non potevamo che accoglierla in tutte le sue forme e sfruttarla al meglio.\",\"breadcrumb\":{\"@id\":\"https:\/\/www.soundpr.it\/creativita\/#breadcrumb\"},\"inLanguage\":\"en-US\",\"potentialAction\":[{\"@type\":\"ReadAction\",\"target\":[\"https:\/\/www.soundpr.it\/creativita\/\"]}]},{\"@type\":\"BreadcrumbList\",\"@id\":\"https:\/\/www.soundpr.it\/creativita\/#breadcrumb\",\"itemListElement\":[{\"@type\":\"ListItem\",\"position\":1,\"name\":\"Home\",\"item\":\"https:\/\/www.soundpr.it\/\"},{\"@type\":\"ListItem\",\"position\":2,\"name\":\"CREATIVIT\u00c0\"}]},{\"@type\":\"WebSite\",\"@id\":\"https:\/\/www.soundpr.it\/#website\",\"url\":\"https:\/\/www.soundpr.it\/\",\"name\":\"soundPR\",\"description\":\"Sound Public Relations\",\"publisher\":{\"@id\":\"https:\/\/www.soundpr.it\/#organization\"},\"potentialAction\":[{\"@type\":\"SearchAction\",\"target\":{\"@type\":\"EntryPoint\",\"urlTemplate\":\"https:\/\/www.soundpr.it\/?s={search_term_string}\"},\"query-input\":\"required name=search_term_string\"}],\"inLanguage\":\"en-US\"},{\"@type\":\"Organization\",\"@id\":\"https:\/\/www.soundpr.it\/#organization\",\"name\":\"soundPR\",\"url\":\"https:\/\/www.soundpr.it\/\",\"logo\":{\"@type\":\"ImageObject\",\"inLanguage\":\"en-US\",\"@id\":\"https:\/\/www.soundpr.it\/#\/schema\/logo\/image\/\",\"url\":\"https:\/\/www.soundpr.it\/wp-content\/uploads\/2019\/07\/Logo-hd-wht.png\",\"contentUrl\":\"https:\/\/www.soundpr.it\/wp-content\/uploads\/2019\/07\/Logo-hd-wht.png\",\"width\":168,\"height\":69,\"caption\":\"soundPR\"},\"image\":{\"@id\":\"https:\/\/www.soundpr.it\/#\/schema\/logo\/image\/\"}}]}<\/script>\n<!-- \/ Yoast SEO plugin. -->","yoast_head_json":{"title":"La creativit\u00e0: ispirazione per una comunicazione efficace ed efficiente.","description":"La creativit\u00e0 \u00e8 sempre stata fonte di ispirazione per la comunicazione, e noi non potevamo che accoglierla in tutte le sue forme e sfruttarla al meglio.","robots":{"index":"index","follow":"follow","max-snippet":"max-snippet:-1","max-image-preview":"max-image-preview:large","max-video-preview":"max-video-preview:-1"},"canonical":"https:\/\/www.soundpr.it\/creativita\/","og_locale":"en_US","og_type":"article","og_title":"La creativit\u00e0: ispirazione per una comunicazione efficace ed efficiente.","og_description":"La creativit\u00e0 \u00e8 sempre stata fonte di ispirazione per la comunicazione, e noi non potevamo che accoglierla in tutte le sue forme e sfruttarla al meglio.","og_url":"https:\/\/www.soundpr.it\/creativita\/","og_site_name":"soundPR","article_modified_time":"2019-08-02T13:20:14+00:00","twitter_card":"summary_large_image","twitter_misc":{"Est. reading time":"3 minutes"},"schema":{"@context":"https:\/\/schema.org","@graph":[{"@type":"WebPage","@id":"https:\/\/www.soundpr.it\/creativita\/","url":"https:\/\/www.soundpr.it\/creativita\/","name":"La creativit\u00e0: ispirazione per una comunicazione efficace ed efficiente.","isPartOf":{"@id":"https:\/\/www.soundpr.it\/#website"},"datePublished":"2019-07-06T13:49:06+00:00","dateModified":"2019-08-02T13:20:14+00:00","description":"La creativit\u00e0 \u00e8 sempre stata fonte di ispirazione per la comunicazione, e noi non potevamo che accoglierla in tutte le sue forme e sfruttarla al meglio.","breadcrumb":{"@id":"https:\/\/www.soundpr.it\/creativita\/#breadcrumb"},"inLanguage":"en-US","potentialAction":[{"@type":"ReadAction","target":["https:\/\/www.soundpr.it\/creativita\/"]}]},{"@type":"BreadcrumbList","@id":"https:\/\/www.soundpr.it\/creativita\/#breadcrumb","itemListElement":[{"@type":"ListItem","position":1,"name":"Home","item":"https:\/\/www.soundpr.it\/"},{"@type":"ListItem","position":2,"name":"CREATIVIT\u00c0"}]},{"@type":"WebSite","@id":"https:\/\/www.soundpr.it\/#website","url":"https:\/\/www.soundpr.it\/","name":"soundPR","description":"Sound Public Relations","publisher":{"@id":"https:\/\/www.soundpr.it\/#organization"},"potentialAction":[{"@type":"SearchAction","target":{"@type":"EntryPoint","urlTemplate":"https:\/\/www.soundpr.it\/?s={search_term_string}"},"query-input":"required name=search_term_string"}],"inLanguage":"en-US"},{"@type":"Organization","@id":"https:\/\/www.soundpr.it\/#organization","name":"soundPR","url":"https:\/\/www.soundpr.it\/","logo":{"@type":"ImageObject","inLanguage":"en-US","@id":"https:\/\/www.soundpr.it\/#\/schema\/logo\/image\/","url":"https:\/\/www.soundpr.it\/wp-content\/uploads\/2019\/07\/Logo-hd-wht.png","contentUrl":"https:\/\/www.soundpr.it\/wp-content\/uploads\/2019\/07\/Logo-hd-wht.png","width":168,"height":69,"caption":"soundPR"},"image":{"@id":"https:\/\/www.soundpr.it\/#\/schema\/logo\/image\/"}}]}},"_links":{"self":[{"href":"https:\/\/www.soundpr.it\/en\/wp-json\/wp\/v2\/pages\/14463"}],"collection":[{"href":"https:\/\/www.soundpr.it\/en\/wp-json\/wp\/v2\/pages"}],"about":[{"href":"https:\/\/www.soundpr.it\/en\/wp-json\/wp\/v2\/types\/page"}],"author":[{"embeddable":true,"href":"https:\/\/www.soundpr.it\/en\/wp-json\/wp\/v2\/users\/1"}],"replies":[{"embeddable":true,"href":"https:\/\/www.soundpr.it\/en\/wp-json\/wp\/v2\/comments?post=14463"}],"version-history":[{"count":6,"href":"https:\/\/www.soundpr.it\/en\/wp-json\/wp\/v2\/pages\/14463\/revisions"}],"predecessor-version":[{"id":18050,"href":"https:\/\/www.soundpr.it\/en\/wp-json\/wp\/v2\/pages\/14463\/revisions\/18050"}],"wp:attachment":[{"href":"https:\/\/www.soundpr.it\/en\/wp-json\/wp\/v2\/media?parent=14463"}],"curies":[{"name":"wp","href":"https:\/\/api.w.org\/{rel}","templated":true}]}}